{"id":181,"date":"2025-07-04T12:32:09","date_gmt":"2025-07-04T10:32:09","guid":{"rendered":"http:\/\/cesgfel.com\/?page_id=181"},"modified":"2025-07-04T12:32:09","modified_gmt":"2025-07-04T10:32:09","slug":"activites-2","status":"publish","type":"page","link":"https:\/\/cesgfel.com\/?page_id=181","title":{"rendered":"Activit\u00e9s"},"content":{"rendered":"\n<div class=\"wp-block-group alignfull has-large-font-size\" style=\"margin-top:0;margin-bottom:0;padding-top:var(--wp--preset--spacing--50);padding-bottom:var(--wp--preset--spacing--50)\"><div class=\"wp-block-group__inner-container is-layout-constrained wp-block-group-is-layout-constrained\">\n<h2 class=\"wp-block-heading alignwide has-text-align-center has-luminous-vivid-amber-color has-text-color has-link-color has-medium-font-size wp-elements-de78d8cce4228b0771ace9d6d93d227d\"><strong><em>Nos services pour une s\u00e9curit\u00e9 proactive.<\/em><\/strong><\/h2>\n<\/div><\/div>\n\n\n\n<div class=\"wp-block-group alignfull has-white-background-color has-background\" style=\"margin-top:0;margin-bottom:0;padding-top:var(--wp--preset--spacing--50);padding-bottom:var(--wp--preset--spacing--50)\"><div class=\"wp-block-group__inner-container is-layout-constrained wp-block-group-is-layout-constrained\">\n<div class=\"wp-block-columns alignwide is-layout-flex wp-container-core-columns-is-layout-9d6595d7 wp-block-columns-is-layout-flex\">\n<div class=\"wp-block-column is-layout-flow wp-block-column-is-layout-flow\">\n<figure class=\"wp-block-image size-full is-resized is-style-rounded\"><img loading=\"lazy\" decoding=\"async\" width=\"325\" height=\"172\" src=\"https:\/\/cesgfel.com\/wp-content\/uploads\/2025\/07\/Video-surveillance.jpeg\" alt=\"\" class=\"wp-image-52\" style=\"width:243px;height:auto\" srcset=\"https:\/\/cesgfel.com\/wp-content\/uploads\/2025\/07\/Video-surveillance.jpeg 325w, https:\/\/cesgfel.com\/wp-content\/uploads\/2025\/07\/Video-surveillance-300x159.jpeg 300w\" sizes=\"auto, (max-width: 325px) 100vw, 325px\" \/><\/figure>\n\n\n\n<h3 class=\"wp-block-heading has-text-color has-link-color has-medium-font-size wp-elements-473c3aa48a0d98394291dcd1e6bd0607\" style=\"color:#358e2c\"><strong><strong>Gestion de centres de vid\u00e9osurveillance<\/strong><\/strong><\/h3>\n\n\n\n<p class=\"has-medium-font-size\">\u00ab\u00a0Ma\u00eetrisez les outils et les protocoles pour une surveillance efficace et pr\u00e9ventive de vos sites.\u00a0\u00bb<\/p>\n<\/div>\n\n\n\n<div class=\"wp-block-column is-layout-flow wp-block-column-is-layout-flow\">\n<figure class=\"wp-block-image size-full is-resized is-style-rounded\"><img loading=\"lazy\" decoding=\"async\" width=\"324\" height=\"175\" src=\"https:\/\/cesgfel.com\/wp-content\/uploads\/2025\/07\/Cameras.jpeg\" alt=\"\" class=\"wp-image-46\" style=\"width:240px;height:auto\" srcset=\"https:\/\/cesgfel.com\/wp-content\/uploads\/2025\/07\/Cameras.jpeg 324w, https:\/\/cesgfel.com\/wp-content\/uploads\/2025\/07\/Cameras-300x162.jpeg 300w\" sizes=\"auto, (max-width: 324px) 100vw, 324px\" \/><\/figure>\n\n\n\n<h3 class=\"wp-block-heading has-text-color has-link-color has-medium-font-size wp-elements-da3bbb7dac8181f9892acf6d5f74701a\" style=\"color:#358e2c\"><strong><strong>Technologies de vid\u00e9oprotection avanc\u00e9es<\/strong><\/strong><\/h3>\n\n\n\n<p class=\"has-medium-font-size\">\u00ab\u00a0Int\u00e9grez les cam\u00e9ras les plus performantes pour une vision claire et une s\u00e9curit\u00e9 renforc\u00e9e, aujourd&rsquo;hui et demain.\u00a0\u00bb<\/p>\n<\/div>\n\n\n\n<div class=\"wp-block-column is-layout-flow wp-block-column-is-layout-flow\">\n<figure class=\"wp-block-image size-full is-resized is-style-rounded\"><img loading=\"lazy\" decoding=\"async\" width=\"324\" height=\"181\" src=\"https:\/\/cesgfel.com\/wp-content\/uploads\/2025\/07\/Securite-et-surete.jpeg\" alt=\"\" class=\"wp-image-50\" style=\"width:237px;height:auto\" srcset=\"https:\/\/cesgfel.com\/wp-content\/uploads\/2025\/07\/Securite-et-surete.jpeg 324w, https:\/\/cesgfel.com\/wp-content\/uploads\/2025\/07\/Securite-et-surete-300x168.jpeg 300w\" sizes=\"auto, (max-width: 324px) 100vw, 324px\" \/><\/figure>\n\n\n\n<h3 class=\"wp-block-heading has-text-color has-link-color has-medium-font-size wp-elements-88b732a92cf10157a3208e74ccc4b1f9\" style=\"color:#358e2c\"><strong><strong>Solutions compl\u00e8tes de s\u00fbret\u00e9 &amp; s\u00e9curit\u00e9<\/strong><\/strong><\/h3>\n\n\n\n<p class=\"has-medium-font-size\">\u00ab\u00a0Nous d\u00e9veloppons des strat\u00e9gies int\u00e9gr\u00e9es pour prot\u00e9ger vos biens et vos \u00e9quipes, assurant une s\u00e9r\u00e9nit\u00e9 durable.\u00a0\u00bb<\/p>\n<\/div>\n<\/div>\n<\/div><\/div>\n\n\n\n<div class=\"wp-block-group alignfull has-white-background-color has-background\" style=\"margin-top:0;margin-bottom:0;padding-top:var(--wp--preset--spacing--50);padding-bottom:var(--wp--preset--spacing--50)\"><div class=\"wp-block-group__inner-container is-layout-constrained wp-block-group-is-layout-constrained\">\n<div class=\"wp-block-columns alignwide is-layout-flex wp-container-core-columns-is-layout-9d6595d7 wp-block-columns-is-layout-flex\">\n<div class=\"wp-block-column is-layout-flow wp-block-column-is-layout-flow\">\n<figure class=\"wp-block-image size-full is-resized is-style-rounded\"><img loading=\"lazy\" decoding=\"async\" width=\"320\" height=\"178\" src=\"https:\/\/cesgfel.com\/wp-content\/uploads\/2025\/07\/Conseil-et-etude.jpeg\" alt=\"\" class=\"wp-image-47\" style=\"width:243px;height:auto\" srcset=\"https:\/\/cesgfel.com\/wp-content\/uploads\/2025\/07\/Conseil-et-etude.jpeg 320w, https:\/\/cesgfel.com\/wp-content\/uploads\/2025\/07\/Conseil-et-etude-300x167.jpeg 300w\" sizes=\"auto, (max-width: 320px) 100vw, 320px\" \/><\/figure>\n\n\n\n<h3 class=\"wp-block-heading has-text-color has-link-color has-medium-font-size wp-elements-50b748279c04e5ceb865c66afbad9325\" style=\"color:#358e2c\"><strong>\u00c9tude et conseil strat\u00e9gique en s\u00e9curit\u00e9<\/strong><\/h3>\n\n\n\n<p class=\"has-medium-font-size\">\u00ab\u00a0B\u00e9n\u00e9ficiez de notre expertise pour analyser vos risques et construire une feuille de route s\u00e9curit\u00e9 personnalis\u00e9e.\u00a0\u00bb<\/p>\n<\/div>\n\n\n\n<div class=\"wp-block-column is-layout-flow wp-block-column-is-layout-flow\">\n<figure class=\"wp-block-image size-full is-resized is-style-rounded\"><img loading=\"lazy\" decoding=\"async\" width=\"320\" height=\"176\" src=\"https:\/\/cesgfel.com\/wp-content\/uploads\/2025\/07\/Audit.jpeg\" alt=\"\" class=\"wp-image-45\" style=\"width:240px;height:auto\" srcset=\"https:\/\/cesgfel.com\/wp-content\/uploads\/2025\/07\/Audit.jpeg 320w, https:\/\/cesgfel.com\/wp-content\/uploads\/2025\/07\/Audit-300x165.jpeg 300w\" sizes=\"auto, (max-width: 320px) 100vw, 320px\" \/><\/figure>\n\n\n\n<h3 class=\"wp-block-heading has-text-color has-link-color has-medium-font-size wp-elements-692c7a20d1c788985e9283442b46d4df\" style=\"color:#358e2c\"><strong>Audit de s\u00e9curit\u00e9 approfondi<\/strong><\/h3>\n\n\n\n<p class=\"has-medium-font-size\">\u00ab\u00a0Nos audits rigoureux identifient vos vuln\u00e9rabilit\u00e9s et vous fournissent un \u00e9tat des lieux pr\u00e9cis pour agir efficacement.\u00a0\u00bb<\/p>\n<\/div>\n\n\n\n<div class=\"wp-block-column is-layout-flow wp-block-column-is-layout-flow\">\n<figure class=\"wp-block-image size-full is-resized is-style-rounded\"><img loading=\"lazy\" decoding=\"async\" width=\"325\" height=\"174\" src=\"https:\/\/cesgfel.com\/wp-content\/uploads\/2025\/07\/Expertise.jpeg\" alt=\"\" class=\"wp-image-49\" style=\"width:237px;height:auto\" srcset=\"https:\/\/cesgfel.com\/wp-content\/uploads\/2025\/07\/Expertise.jpeg 325w, https:\/\/cesgfel.com\/wp-content\/uploads\/2025\/07\/Expertise-300x161.jpeg 300w\" sizes=\"auto, (max-width: 325px) 100vw, 325px\" \/><\/figure>\n\n\n\n<h3 class=\"wp-block-heading has-text-color has-link-color has-medium-font-size wp-elements-fdbd6e45a813340d0002891c39020603\" style=\"color:#358e2c\"><strong>Expertise technique en s\u00e9curit\u00e9<\/strong><\/h3>\n\n\n\n<p class=\"has-medium-font-size\">\u00ab\u00a0Faites appel \u00e0 nos experts pour des analyses pointues et des recommandations sur mesure face \u00e0 vos d\u00e9fis les plus complexes.\u00a0\u00bb<\/p>\n<\/div>\n<\/div>\n<\/div><\/div>\n\n\n\n<div class=\"wp-block-group alignfull has-white-background-color has-background has-small-font-size\" style=\"margin-top:0;margin-bottom:0;padding-top:var(--wp--preset--spacing--50);padding-bottom:var(--wp--preset--spacing--50)\"><div class=\"wp-block-group__inner-container is-layout-constrained wp-block-group-is-layout-constrained\">\n<div class=\"wp-block-columns alignwide is-layout-flex wp-container-core-columns-is-layout-9d6595d7 wp-block-columns-is-layout-flex\">\n<div class=\"wp-block-column is-layout-flow wp-block-column-is-layout-flow\">\n<figure class=\"wp-block-image size-full is-resized is-style-rounded\"><img loading=\"lazy\" decoding=\"async\" width=\"299\" height=\"171\" src=\"https:\/\/cesgfel.com\/wp-content\/uploads\/2025\/07\/Cybersecurite.jpeg\" alt=\"\" class=\"wp-image-48\" style=\"width:240px;height:auto\"\/><\/figure>\n\n\n\n<h3 class=\"wp-block-heading has-text-color has-link-color has-medium-font-size wp-elements-e87782aa589342bfd1bb54c569e1e0f1\" style=\"color:#358e2c\"><strong>Cybers\u00e9curit\u00e9 : protection de vos donn\u00e9es<\/strong><\/h3>\n\n\n\n<p class=\"has-medium-font-size\">\u00ab\u00a0Renforcez vos d\u00e9fenses num\u00e9riques contre les menaces actuelles et prot\u00e9gez l&rsquo;int\u00e9grit\u00e9 de vos informations sensibles.\u00a0\u00bb<\/p>\n<\/div>\n\n\n\n<div class=\"wp-block-column is-layout-flow wp-block-column-is-layout-flow\">\n<figure class=\"wp-block-image size-full is-resized is-style-rounded\"><img loading=\"lazy\" decoding=\"async\" width=\"303\" height=\"177\" src=\"https:\/\/cesgfel.com\/wp-content\/uploads\/2025\/07\/Tracage-et-trcage.jpeg\" alt=\"\" class=\"wp-image-51\" style=\"width:233px;height:auto\" srcset=\"https:\/\/cesgfel.com\/wp-content\/uploads\/2025\/07\/Tracage-et-trcage.jpeg 303w, https:\/\/cesgfel.com\/wp-content\/uploads\/2025\/07\/Tracage-et-trcage-300x175.jpeg 300w\" sizes=\"auto, (max-width: 303px) 100vw, 303px\" \/><\/figure>\n\n\n\n<h3 class=\"wp-block-heading has-text-color has-link-color has-medium-font-size wp-elements-f571f4014239de13539c5285510b30bd\" style=\"color:#358e2c\"><strong>Services de tra\u00e7age et traquage avanc\u00e9s<\/strong><\/h3>\n\n\n\n<p class=\"has-medium-font-size\">\u00ab\u00a0Optimisez la localisation et le suivi de vos actifs, v\u00e9hicules ou personnes avec nos solutions de tra\u00e7age fiables.\u00a0\u00bb<\/p>\n<\/div>\n\n\n\n<div class=\"wp-block-column is-layout-flow wp-block-column-is-layout-flow\">\n<figure class=\"wp-block-image size-full is-resized is-style-rounded\"><img loading=\"lazy\" decoding=\"async\" width=\"492\" height=\"255\" src=\"https:\/\/cesgfel.com\/wp-content\/uploads\/2025\/07\/Formations.jpeg\" alt=\"\" class=\"wp-image-53\" style=\"width:253px;height:auto\" srcset=\"https:\/\/cesgfel.com\/wp-content\/uploads\/2025\/07\/Formations.jpeg 492w, https:\/\/cesgfel.com\/wp-content\/uploads\/2025\/07\/Formations-300x155.jpeg 300w\" sizes=\"auto, (max-width: 492px) 100vw, 492px\" \/><\/figure>\n\n\n\n<h3 class=\"wp-block-heading has-text-color has-link-color has-medium-font-size wp-elements-3917b30c0c7d212f47c2ed200c6ac7a1\" style=\"color:#358e2c\"><strong>Formation professionnelle de vigiles<\/strong><\/h3>\n\n\n\n<p class=\"has-medium-font-size\">\u00ab\u00a0Nous formons des vigiles qualifi\u00e9s, alliant th\u00e9orie et pratique pour une mission essentielle : assurer une s\u00e9curit\u00e9 proactive et responsable sur le terrain.\u00a0\u00bb<\/p>\n<\/div>\n<\/div>\n<\/div><\/div>\n","protected":false},"excerpt":{"rendered":"<p>Nos services pour une s\u00e9curit\u00e9 proactive. Gestion de centres de vid\u00e9osurveillance \u00ab\u00a0Ma\u00eetrisez les outils et les protocoles pour une surveillance efficace et pr\u00e9ventive de vos sites.\u00a0\u00bb Technologies de vid\u00e9oprotection avanc\u00e9es \u00ab\u00a0Int\u00e9grez les cam\u00e9ras les plus performantes pour une vision claire et une s\u00e9curit\u00e9 renforc\u00e9e, aujourd&rsquo;hui et demain.\u00a0\u00bb Solutions compl\u00e8tes de s\u00fbret\u00e9 &amp; s\u00e9curit\u00e9 \u00ab\u00a0Nous d\u00e9veloppons &hellip; <\/p>\n<p class=\"link-more\"><a href=\"https:\/\/cesgfel.com\/?page_id=181\" class=\"more-link\">Continuer la lecture<span class=\"screen-reader-text\"> de &laquo;&nbsp;Activit\u00e9s&nbsp;&raquo;<\/span><\/a><\/p>\n","protected":false},"author":1,"featured_media":0,"parent":0,"menu_order":0,"comment_status":"closed","ping_status":"closed","template":"","meta":{"footnotes":""},"class_list":["post-181","page","type-page","status-publish","hentry"],"_links":{"self":[{"href":"https:\/\/cesgfel.com\/index.php?rest_route=\/wp\/v2\/pages\/181","targetHints":{"allow":["GET"]}}],"collection":[{"href":"https:\/\/cesgfel.com\/index.php?rest_route=\/wp\/v2\/pages"}],"about":[{"href":"https:\/\/cesgfel.com\/index.php?rest_route=\/wp\/v2\/types\/page"}],"author":[{"embeddable":true,"href":"https:\/\/cesgfel.com\/index.php?rest_route=\/wp\/v2\/users\/1"}],"replies":[{"embeddable":true,"href":"https:\/\/cesgfel.com\/index.php?rest_route=%2Fwp%2Fv2%2Fcomments&post=181"}],"version-history":[{"count":1,"href":"https:\/\/cesgfel.com\/index.php?rest_route=\/wp\/v2\/pages\/181\/revisions"}],"predecessor-version":[{"id":183,"href":"https:\/\/cesgfel.com\/index.php?rest_route=\/wp\/v2\/pages\/181\/revisions\/183"}],"wp:attachment":[{"href":"https:\/\/cesgfel.com\/index.php?rest_route=%2Fwp%2Fv2%2Fmedia&parent=181"}],"curies":[{"name":"wp","href":"https:\/\/api.w.org\/{rel}","templated":true}]}}