{"id":189,"date":"2025-07-04T12:42:03","date_gmt":"2025-07-04T10:42:03","guid":{"rendered":"http:\/\/cesgfel.com\/?page_id=189"},"modified":"2025-07-14T11:32:36","modified_gmt":"2025-07-14T09:32:36","slug":"le-cabinet-securix","status":"publish","type":"page","link":"https:\/\/cesgfel.com\/?page_id=189","title":{"rendered":"Le Cabinet S\u00e9curix"},"content":{"rendered":"\n<p class=\"has-text-align-center has-luminous-vivid-amber-color has-text-color has-link-color has-large-font-size wp-elements-7b2d4e076dc9ee5428d2edfe1a34c14b\">Votre partenaire en <strong>Audit<\/strong>, <strong>Conseil <\/strong>et <strong>Expertise <\/strong>S\u00e9curit\u00e9<\/p>\n\n\n\n<p class=\"has-medium-font-size\">Au sein du Centre CESGFEL, <strong>S\u00e9curix est notre cabinet d&rsquo;experts d\u00e9di\u00e9<\/strong> \u00e0 la s\u00e9curit\u00e9 des entreprises et des organisations. Nous comprenons que <strong>la protection de vos actifs, de vos informations<\/strong> et <strong>de vos \u00e9quipes<\/strong> est une priorit\u00e9 absolue.<\/p>\n\n\n\n<p class=\"has-medium-font-size\">Notre mission est de vous offrir une tranquillit\u00e9 d&rsquo;esprit durable gr\u00e2ce \u00e0 une approche personnalis\u00e9e et rigoureuse. Compos\u00e9e d&rsquo;<strong>experts et d&rsquo;auditeurs certifi\u00e9s<\/strong>, notre \u00e9quipe intervient sur trois piliers fondamentaux :<\/p>\n\n\n\n<div class=\"wp-block-group\"><div class=\"wp-block-group__inner-container is-layout-constrained wp-block-group-is-layout-constrained\">\n<ol class=\"wp-block-list has-medium-font-size\">\n<li><strong>Audit de S\u00e9curit\u00e9 :<\/strong> Nous r\u00e9alisons des \u00e9valuations approfondies de vos syst\u00e8mes, infrastructures et proc\u00e9dures pour identifier les vuln\u00e9rabilit\u00e9s et les risques potentiels. Nos audits vous fournissent une vision claire de votre niveau de s\u00e9curit\u00e9 actuel.<\/li>\n\n\n\n<li><strong>Conseil Strat\u00e9gique :<\/strong> Forts de nos analyses, nous vous accompagnons dans l&rsquo;\u00e9laboration et la mise en \u0153uvre de strat\u00e9gies de s\u00e9curit\u00e9 adapt\u00e9es \u00e0 vos besoins sp\u00e9cifiques. Nous vous aidons \u00e0 prendre les bonnes d\u00e9cisions pour renforcer vos d\u00e9fenses.<\/li>\n\n\n\n<li><strong>Expertise en S\u00e9curit\u00e9 :<\/strong> Que ce soit pour la gestion de crise, l&rsquo;analyse post-incident ou le d\u00e9veloppement de politiques de s\u00e9curit\u00e9 robustes, nos experts mettent \u00e0 votre disposition leur savoir-faire pointu pour vous guider et vous prot\u00e9ger efficacement.<\/li>\n<\/ol>\n<\/div><\/div>\n\n\n\n<p class=\"has-text-align-left has-medium-font-size\">Au seins du Cabinet S\u00e9curix, nous ne nous contentons pas de diagnostiquer : nous vous apportons des solutions concr\u00e8tes et op\u00e9rationnelles pour transformer vos d\u00e9fis de s\u00e9curit\u00e9 en atouts. Faites confiance \u00e0 notre expertise pour une protection optimale et sur mesure<\/p>\n\n\n\n<div class=\"wp-block-buttons has-custom-font-size has-medium-font-size is-content-justification-center is-layout-flex wp-container-core-buttons-is-layout-16018d1d wp-block-buttons-is-layout-flex\">\n<div class=\"wp-block-button\"><a class=\"wp-block-button__link has-text-align-center wp-element-button\" href=\"https:\/\/cesgfel.com\/?page_id=228\" target=\"_blank\" rel=\"noreferrer noopener\">En savoir plus<\/a><\/div>\n<\/div>\n\n\n\n<p><\/p>\n","protected":false},"excerpt":{"rendered":"<p>Votre partenaire en Audit, Conseil et Expertise S\u00e9curit\u00e9 Au sein du Centre CESGFEL, S\u00e9curix est notre cabinet d&rsquo;experts d\u00e9di\u00e9 \u00e0 la s\u00e9curit\u00e9 des entreprises et des organisations. Nous comprenons que la protection de vos actifs, de vos informations et de vos \u00e9quipes est une priorit\u00e9 absolue. Notre mission est de vous offrir une tranquillit\u00e9 d&rsquo;esprit &hellip; <\/p>\n<p class=\"link-more\"><a href=\"https:\/\/cesgfel.com\/?page_id=189\" class=\"more-link\">Continuer la lecture<span class=\"screen-reader-text\"> de &laquo;&nbsp;Le Cabinet S\u00e9curix&nbsp;&raquo;<\/span><\/a><\/p>\n","protected":false},"author":1,"featured_media":0,"parent":0,"menu_order":0,"comment_status":"closed","ping_status":"closed","template":"","meta":{"footnotes":""},"class_list":["post-189","page","type-page","status-publish","hentry"],"_links":{"self":[{"href":"https:\/\/cesgfel.com\/index.php?rest_route=\/wp\/v2\/pages\/189","targetHints":{"allow":["GET"]}}],"collection":[{"href":"https:\/\/cesgfel.com\/index.php?rest_route=\/wp\/v2\/pages"}],"about":[{"href":"https:\/\/cesgfel.com\/index.php?rest_route=\/wp\/v2\/types\/page"}],"author":[{"embeddable":true,"href":"https:\/\/cesgfel.com\/index.php?rest_route=\/wp\/v2\/users\/1"}],"replies":[{"embeddable":true,"href":"https:\/\/cesgfel.com\/index.php?rest_route=%2Fwp%2Fv2%2Fcomments&post=189"}],"version-history":[{"count":8,"href":"https:\/\/cesgfel.com\/index.php?rest_route=\/wp\/v2\/pages\/189\/revisions"}],"predecessor-version":[{"id":307,"href":"https:\/\/cesgfel.com\/index.php?rest_route=\/wp\/v2\/pages\/189\/revisions\/307"}],"wp:attachment":[{"href":"https:\/\/cesgfel.com\/index.php?rest_route=%2Fwp%2Fv2%2Fmedia&parent=189"}],"curies":[{"name":"wp","href":"https:\/\/api.w.org\/{rel}","templated":true}]}}