{"id":58,"date":"2025-07-01T17:44:04","date_gmt":"2025-07-01T15:44:04","guid":{"rendered":"http:\/\/cesgfel.com\/?page_id=58"},"modified":"2025-07-11T11:19:28","modified_gmt":"2025-07-11T09:19:28","slug":"accueil","status":"publish","type":"page","link":"https:\/\/cesgfel.com\/","title":{"rendered":"Accueil"},"content":{"rendered":"\n<div class=\"wp-block-group alignfull is-style-section-5 has-contrast-color has-text-color has-background has-link-color wp-elements-d573541ee659a264fd2302b6e5093df8\" style=\"background-color:#d1ede7;margin-top:0;margin-bottom:0;padding-top:var(--wp--preset--spacing--50);padding-bottom:var(--wp--preset--spacing--50)\"><div class=\"wp-block-group__inner-container is-layout-constrained wp-block-group-is-layout-constrained\">\n<h2 class=\"wp-block-heading has-black-color has-text-color has-link-color has-x-large-font-size wp-elements-dbbfd2e5d5f9f21a29c7c9373b6a52ad\"><strong>\u00ab\u00a0Chez CESGFEL S\u00e9curix, votre s\u00e9curit\u00e9 est notre priorit\u00e9.\u00a0\u00bb <\/strong><\/h2>\n\n\n\n<blockquote class=\"wp-block-quote is-layout-flow wp-block-quote-is-layout-flow\">\n<p class=\"has-vivid-green-cyan-color has-text-color has-link-color wp-elements-4264f9d3782904afcd441317cf618ffd\"><strong><em>\u00ab\u00a0Un vigile form\u00e9 est la premi\u00e8re ligne de d\u00e9fense de votre s\u00e9curit\u00e9.\u00a0\u00bb<\/em><\/strong><\/p>\n\n\n\n<p class=\"has-medium-font-size\"><strong>D\u00e9couvrez comment notre expertise et notre accompagnement personnalis\u00e9 peuvent prot\u00e9ger ce qui compte le plus pour vous.<\/strong><\/p>\n<\/blockquote>\n\n\n\n<div class=\"wp-block-media-text is-stacked-on-mobile\" style=\"grid-template-columns:44% auto\"><figure class=\"wp-block-media-text__media\"><img loading=\"lazy\" decoding=\"async\" width=\"243\" height=\"349\" src=\"https:\/\/cesgfel.com\/wp-content\/uploads\/2025\/07\/33.jpeg\" alt=\"\" class=\"wp-image-291 size-medium\" srcset=\"https:\/\/cesgfel.com\/wp-content\/uploads\/2025\/07\/33.jpeg 243w, https:\/\/cesgfel.com\/wp-content\/uploads\/2025\/07\/33-209x300.jpeg 209w\" sizes=\"auto, (max-width: 243px) 100vw, 243px\" \/><\/figure><div class=\"wp-block-media-text__content\">\n<p class=\"has-text-align-center has-vivid-green-cyan-color has-text-color has-link-color has-medium-font-size wp-elements-e13fc489e4e24b970a4d47902c478851\"><strong>Mot du directeur : <\/strong><br><strong>Monsieur Gilles A. Feliho<\/strong><\/p>\n\n\n\n<p class=\"has-text-align-center has-medium-font-size\"><strong>La s\u00e9curit\u00e9 est avant tout une affaire d&rsquo;humains.<\/strong><\/p>\n\n\n\n<p class=\"has-text-align-center has-medium-font-size\"><strong>Chez Cesgfel, nous sommes fiers de notre \u00e9quipe d&rsquo;experts d\u00e9vou\u00e9s, anim\u00e9s par un sens aigu de la responsabilit\u00e9. <\/strong><\/p>\n\n\n\n<p class=\"has-text-align-center has-medium-font-size\"><strong>Notre approche est centr\u00e9e sur l&rsquo;\u00e9coute de vos besoins sp\u00e9cifiques pour vous proposer des solutions sur mesure, qu&rsquo;il s&rsquo;agisse d&rsquo;audit, de conseil, de formation ou d&rsquo;expertise.<\/strong><\/p>\n\n\n\n<p class=\"has-text-align-center has-luminous-vivid-amber-color has-text-color has-link-color has-small-font-size wp-elements-b71824fe12b918cb812e9b857b54b696\"><strong>Ensemble, pr\u00e9parons un avenir plus s\u00fbr.<\/strong><\/p>\n<\/div><\/div>\n<\/div><\/div>\n","protected":false},"excerpt":{"rendered":"<p>\u00ab\u00a0Chez CESGFEL S\u00e9curix, votre s\u00e9curit\u00e9 est notre priorit\u00e9.\u00a0\u00bb \u00ab\u00a0Un vigile form\u00e9 est la premi\u00e8re ligne de d\u00e9fense de votre s\u00e9curit\u00e9.\u00a0\u00bb D\u00e9couvrez comment notre expertise et notre accompagnement personnalis\u00e9 peuvent prot\u00e9ger ce qui compte le plus pour vous. Mot du directeur : Monsieur Gilles A. Feliho La s\u00e9curit\u00e9 est avant tout une affaire d&rsquo;humains. Chez Cesgfel, &hellip; <\/p>\n<p class=\"link-more\"><a href=\"https:\/\/cesgfel.com\/\" class=\"more-link\">Continuer la lecture<span class=\"screen-reader-text\"> de &laquo;&nbsp;Accueil&nbsp;&raquo;<\/span><\/a><\/p>\n","protected":false},"author":1,"featured_media":0,"parent":0,"menu_order":1,"comment_status":"closed","ping_status":"closed","template":"","meta":{"footnotes":""},"class_list":["post-58","page","type-page","status-publish","hentry"],"_links":{"self":[{"href":"https:\/\/cesgfel.com\/index.php?rest_route=\/wp\/v2\/pages\/58","targetHints":{"allow":["GET"]}}],"collection":[{"href":"https:\/\/cesgfel.com\/index.php?rest_route=\/wp\/v2\/pages"}],"about":[{"href":"https:\/\/cesgfel.com\/index.php?rest_route=\/wp\/v2\/types\/page"}],"author":[{"embeddable":true,"href":"https:\/\/cesgfel.com\/index.php?rest_route=\/wp\/v2\/users\/1"}],"replies":[{"embeddable":true,"href":"https:\/\/cesgfel.com\/index.php?rest_route=%2Fwp%2Fv2%2Fcomments&post=58"}],"version-history":[{"count":21,"href":"https:\/\/cesgfel.com\/index.php?rest_route=\/wp\/v2\/pages\/58\/revisions"}],"predecessor-version":[{"id":292,"href":"https:\/\/cesgfel.com\/index.php?rest_route=\/wp\/v2\/pages\/58\/revisions\/292"}],"wp:attachment":[{"href":"https:\/\/cesgfel.com\/index.php?rest_route=%2Fwp%2Fv2%2Fmedia&parent=58"}],"curies":[{"name":"wp","href":"https:\/\/api.w.org\/{rel}","templated":true}]}}